{"id":691,"date":"2020-03-13T13:56:15","date_gmt":"2020-03-13T12:56:15","guid":{"rendered":"http:\/\/atut1.home.pl\/wordpressms\/wordpress\/?page_id=691"},"modified":"2020-09-18T14:49:02","modified_gmt":"2020-09-18T12:49:02","slug":"zalozenia-organizacyjne","status":"publish","type":"page","link":"http:\/\/atut1.home.pl\/wordpressms\/wordpress\/pl_pl\/zalozenia-organizacyjne\/","title":{"rendered":"Organizacja"},"content":{"rendered":"\t\t<div data-elementor-type=\"wp-post\" data-elementor-id=\"691\" class=\"elementor elementor-691\">\n\t\t\t\t\t\t<div class=\"elementor-inner\">\n\t\t\t\t<div class=\"elementor-section-wrap\">\n\t\t\t\t\t\t\t\t\t<section class=\"elementor-section elementor-top-section elementor-element elementor-element-d7d8b56 elementor-section-boxed elementor-section-height-default elementor-section-height-default\" data-id=\"d7d8b56\" data-element_type=\"section\" data-settings=\"{&quot;background_background&quot;:&quot;classic&quot;}\">\n\t\t\t\t\t\t\t<div class=\"elementor-background-overlay\"><\/div>\n\t\t\t\t\t\t\t<div class=\"elementor-container elementor-column-gap-default\">\n\t\t\t\t\t\t\t<div class=\"elementor-row\">\n\t\t\t\t\t<div class=\"elementor-column elementor-col-33 elementor-top-column elementor-element elementor-element-b3d335b\" data-id=\"b3d335b\" data-element_type=\"column\">\n\t\t\t<div class=\"elementor-column-wrap\">\n\t\t\t\t\t\t\t<div class=\"elementor-widget-wrap\">\n\t\t\t\t\t\t\t\t<\/div>\n\t\t\t\t\t<\/div>\n\t\t<\/div>\n\t\t\t\t<div class=\"elementor-column elementor-col-33 elementor-top-column elementor-element elementor-element-fd69444\" data-id=\"fd69444\" data-element_type=\"column\">\n\t\t\t<div class=\"elementor-column-wrap elementor-element-populated\">\n\t\t\t\t\t\t\t<div class=\"elementor-widget-wrap\">\n\t\t\t\t\t\t<div class=\"elementor-element elementor-element-abcc2f2 elementor-widget elementor-widget-heading\" data-id=\"abcc2f2\" data-element_type=\"widget\" data-widget_type=\"heading.default\">\n\t\t\t\t<div class=\"elementor-widget-container\">\n\t\t\t<h1 class=\"elementor-heading-title elementor-size-default\">ZA\u0141O\u017bENIA ORGANIZACYJNE<\/h1>\t\t<\/div>\n\t\t\t\t<\/div>\n\t\t\t\t\t\t<\/div>\n\t\t\t\t\t<\/div>\n\t\t<\/div>\n\t\t\t\t<div class=\"elementor-column elementor-col-33 elementor-top-column elementor-element elementor-element-674669b\" data-id=\"674669b\" data-element_type=\"column\">\n\t\t\t<div class=\"elementor-column-wrap\">\n\t\t\t\t\t\t\t<div class=\"elementor-widget-wrap\">\n\t\t\t\t\t\t\t\t<\/div>\n\t\t\t\t\t<\/div>\n\t\t<\/div>\n\t\t\t\t\t\t\t\t<\/div>\n\t\t\t\t\t<\/div>\n\t\t<\/section>\n\t\t\t\t<section class=\"elementor-section elementor-top-section elementor-element elementor-element-a3959dd elementor-section-boxed elementor-section-height-default elementor-section-height-default\" data-id=\"a3959dd\" data-element_type=\"section\" data-settings=\"{&quot;background_background&quot;:&quot;classic&quot;}\">\n\t\t\t\t\t\t\t<div class=\"elementor-background-overlay\"><\/div>\n\t\t\t\t\t\t\t<div class=\"elementor-container elementor-column-gap-default\">\n\t\t\t\t\t\t\t<div class=\"elementor-row\">\n\t\t\t\t\t<div class=\"elementor-column elementor-col-100 elementor-top-column elementor-element elementor-element-aaf922e\" data-id=\"aaf922e\" data-element_type=\"column\">\n\t\t\t<div class=\"elementor-column-wrap elementor-element-populated\">\n\t\t\t\t\t\t\t<div class=\"elementor-widget-wrap\">\n\t\t\t\t\t\t<div class=\"elementor-element elementor-element-df6e7ac elementor-widget-divider--view-line elementor-widget elementor-widget-divider\" data-id=\"df6e7ac\" data-element_type=\"widget\" data-widget_type=\"divider.default\">\n\t\t\t\t<div class=\"elementor-widget-container\">\n\t\t\t\t\t<div class=\"elementor-divider\">\n\t\t\t<span class=\"elementor-divider-separator\">\n\t\t\t\t\t\t<\/span>\n\t\t<\/div>\n\t\t\t\t<\/div>\n\t\t\t\t<\/div>\n\t\t\t\t<div class=\"elementor-element elementor-element-520bcd3 elementor-widget elementor-widget-text-editor\" data-id=\"520bcd3\" data-element_type=\"widget\" data-widget_type=\"text-editor.default\">\n\t\t\t\t<div class=\"elementor-widget-container\">\n\t\t\t\t\t\t\t\t<div class=\"elementor-text-editor elementor-clearfix\">\n\t\t\t\t<p><strong>Kierujemy si\u0119 nast\u0119puj\u0105cymi za\u0142o\u017ceniami organizacyjnymi:<\/strong><\/p><ul><li><p>Szko\u0142a jest czynna w godzinach\u00a07.30-18.30;<\/p><\/li><li><p>Zaj\u0119cia lekcyjne odbywaj\u0105 si\u0119 w godzinach 8.15 &#8211; 14.45;<\/p><\/li><li><p>Zapewniamy opiek\u0119 na \u015bwietlicy w godzinach: 7.30-8.15 i 14.45-18.30;<\/p><\/li><li><p>W Szkole obowi\u0105zuje str\u00f3j szkolny\u00a0&#8211; mundurki szkolne;<\/p><\/li><li><p>Zapewniamy dow\u00f3z dzieci na zaj\u0119cia odbywaj\u0105ce si\u0119 poza terenem Szko\u0142y, np. basen, tenis.<\/p><\/li><\/ul>\t\t\t\t\t<\/div>\n\t\t\t\t\t\t<\/div>\n\t\t\t\t<\/div>\n\t\t\t\t\t\t<\/div>\n\t\t\t\t\t<\/div>\n\t\t<\/div>\n\t\t\t\t\t\t\t\t<\/div>\n\t\t\t\t\t<\/div>\n\t\t<\/section>\n\t\t\t\t\t\t\t\t\t<\/div>\n\t\t\t<\/div>\n\t\t\t\t\t<\/div>\n\t\t","protected":false},"excerpt":{"rendered":"<p>ZA\u0141O\u017bENIA ORGANIZACYJNE Kierujemy si\u0119 nast\u0119puj\u0105cymi za\u0142o\u017ceniami organizacyjnymi: Szko\u0142a jest czynna w godzinach\u00a07.30-18.30; Zaj\u0119cia lekcyjne odbywaj\u0105 si\u0119 w godzinach 8.15 &#8211; 14.45; Zapewniamy opiek\u0119 na \u015bwietlicy w godzinach: 7.30-8.15 i 14.45-18.30; W Szkole obowi\u0105zuje str\u00f3j szkolny\u00a0&#8211; mundurki szkolne; Zapewniamy dow\u00f3z dzieci na zaj\u0119cia odbywaj\u0105ce si\u0119 poza terenem Szko\u0142y, np. basen, tenis.<\/p>\n","protected":false},"author":1,"featured_media":0,"parent":0,"menu_order":0,"comment_status":"closed","ping_status":"closed","template":"","meta":{"footnotes":""},"class_list":["post-691","page","type-page","status-publish","hentry"],"_links":{"self":[{"href":"http:\/\/atut1.home.pl\/wordpressms\/wordpress\/pl_pl\/wp-json\/wp\/v2\/pages\/691"}],"collection":[{"href":"http:\/\/atut1.home.pl\/wordpressms\/wordpress\/pl_pl\/wp-json\/wp\/v2\/pages"}],"about":[{"href":"http:\/\/atut1.home.pl\/wordpressms\/wordpress\/pl_pl\/wp-json\/wp\/v2\/types\/page"}],"author":[{"embeddable":true,"href":"http:\/\/atut1.home.pl\/wordpressms\/wordpress\/pl_pl\/wp-json\/wp\/v2\/users\/1"}],"replies":[{"embeddable":true,"href":"http:\/\/atut1.home.pl\/wordpressms\/wordpress\/pl_pl\/wp-json\/wp\/v2\/comments?post=691"}],"version-history":[{"count":5,"href":"http:\/\/atut1.home.pl\/wordpressms\/wordpress\/pl_pl\/wp-json\/wp\/v2\/pages\/691\/revisions"}],"predecessor-version":[{"id":967,"href":"http:\/\/atut1.home.pl\/wordpressms\/wordpress\/pl_pl\/wp-json\/wp\/v2\/pages\/691\/revisions\/967"}],"wp:attachment":[{"href":"http:\/\/atut1.home.pl\/wordpressms\/wordpress\/pl_pl\/wp-json\/wp\/v2\/media?parent=691"}],"curies":[{"name":"wp","href":"https:\/\/api.w.org\/{rel}","templated":true}]}}